{"id":3,"date":"2018-06-07T08:18:24","date_gmt":"2018-06-07T06:18:24","guid":{"rendered":"https:\/\/nmb-sek-schweizer.blk.de\/?page_id=3"},"modified":"2018-11-28T15:17:09","modified_gmt":"2018-11-28T14:17:09","slug":"datenschutzerklaerung","status":"publish","type":"page","link":"https:\/\/sks-badbibra.blk.de\/?page_id=3","title":{"rendered":"Datenschutzerkl\u00e4rung"},"content":{"rendered":"<aside class=\"widget widget_text\">\n<h3 class=\"widget-title title-block-wrap clearfix\"><span class=\"block-title\"><span class=\"block-title\"><span>Datenschutzerkl\u00e4rung<\/span><\/span><\/h3>\n<div class=\"textwidget\">\n<p><strong>Datenschutzerkl\u00e4rung nach DSGVO <\/strong><\/p>\n<p>Diese Datenschutzerkl\u00e4rung gilt f\u00fcr die Webseiten der Sekundarschule Bad Bibra unter sks-badbibra.blk.de.<\/p>\n<p>Dieser wird vom Burgenlandkreis in einem Rechenzentrum in Deutschland gehostet und durch Mitarbeiter des Burgenlandkreises betreut. Bei dem hier eingesetzten System handelt es sich um ein Content Management System. Diese \u00fcbergibt eingetragene Daten an den Webserver im Rechenzentrum zur weiteren Bearbeitung.<\/p>\n<p>\t\t\tVerantwortlicher, bzw. verantwortliche Stelle im Sinne der Datenschutz-Grundverordnung (DSGVO) und des Bundesdatenschutzgesetzes (BDSG) sowie sonstiger datenschutzrechtlicher Bestimmungen ist:<\/p>\n<p>\t\t\t<strong>Sekundarschule Bad Bibra<\/strong><br \/>\n                        Steinbacher Stra\u00dfe 2<br \/>\n                        06647 Bad Bibra<\/p>\n<p>\t\t\t<strong>Datenschutzbeauftragter<\/strong><\/p>\n<p>\t\t\tFragen zum Datenschutz beantworten wir Ihnen gern. Nutzen Sie dazu unser Kontaktformular unter Angabe: &#8222;Anfrage zum Datenschutz&#8220; oder wenden Sie sich per E-Mail an unseren Datenschutzbeauftragten:<\/p>\n<p>\t\t\t<strong>Herr Dreisow<\/strong><br \/>\n\t\t\tdatenschutz@badbibra.blk.de<\/p>\n<p>Im Rahmen der Nutzung dieser Webseite werden personenbezogene Daten von Ihnen durch uns als den f\u00fcr die Datenverarbeitung Verantwortlichen verarbeitet und f\u00fcr die Dauer gespeichert, die zur Erf\u00fcllung der festgelegten Zwecke und gesetzlicher Verpflichtungen erforderlich ist. Im Folgenden informieren wir Sie dar\u00fcber, um welche Daten es sich dabei handelt, auf welche Weise sie verarbeitet werden und welche Rechte Ihnen diesbez\u00fcglich zustehen.<\/p>\n<p>\t\t\t<strong>Verarbeitung personenbezogener Daten und Zwecke der Verarbeitung<\/strong><\/p>\n<p>Wenn Sie unsere Webseiten besuchen, speichern die Webserver unserer Webseite tempor\u00e4r jeden Zugriff Ihres Endger\u00e4tes in einer Protokolldatei. Folgende Daten werden erfasst und bis zur automatisierten L\u00f6schung gespeichert:<\/p>\n<p>\t\t\t\u2022\tIP-Adresse des anfragenden Rechners<br \/>\n\t\t\t\u2022\tDatum und Uhrzeit des Zugriffs<br \/>\n\t\t\t\u2022\tName und URL der abgerufenen Daten<br \/>\n\t\t\t\u2022\t\u00dcbertragene Datenmenge<br \/>\n\t\t\t\u2022\tMeldung, ob der Abruf erfolgreich war<br \/>\n\t\t\t\u2022\tVerwendeter Browser- und Betriebssystem<br \/>\n\t\t\t\u2022\tWebseite, von der aus der Zugriff erfolgt (Referrer-URL)<\/p>\n<p><strong>Die Verarbeitung dieser Daten erfolgt zu folgenden Zwecken<\/strong><\/p>\n<p>\t\t\t1.\tErm\u00f6glichung der Nutzung der Webseite (Verbindungsaufbau)<br \/>\n\t\t\t2.\tAdministration der Netzinfrastruktur<br \/>\n\t\t\t3.\tAngemessene technisch-organisatorische Ma\u00dfnahmen zur IT-System- und Informationssicherheit unter Ber\u00fccksichtigung des Stands der Technik<br \/>\n\t\t\t4.\tGew\u00e4hrleistung der Nutzerfreundlichkeit der Nutzung<br \/>\n\t\t\t5.\tOptimierung des Internetangebotes<\/p>\n<p><strong>Rechtsgrundlagen f\u00fcr die vorstehenden Verarbeitungen sind<\/strong><\/p>\n<p>\n\t\t\tf\u00fcr die Verarbeitung f\u00fcr den Besuch der Webseiten nach den Nummern 1-2 Art. 6 Abs. 1 S.1 lit. b (Erforderlichkeit f\u00fcr die Erf\u00fcllung des Webseiten-Nutzungsvertragsverh\u00e4ltnisses),<br \/>\n\t\t\tf\u00fcr die Verarbeitungen nach Nummer 3 Art. 6 Abs. 1 S.1 lit. c DSGVO (rechtliche Verpflichtung zur Umsetzung technisch-organisatorischer Ma\u00dfnahmen zur Sicherung der Datenverarbeitung nach Art. 32 DSGVO) und Art. 6 Abs. 1 S.1 lit. f DSGVO (berechtigte Interessen zur Datenverarbeitung f\u00fcr die Netz- und Informationssicherheit) sowie f\u00fcr<br \/>\n\t\t\tdie Verarbeitungen nach den Nummern 4-5 Art. 6 Abs. 1 S.1 lit. f DSGVO (berechtigte Interessen). Die berechtigten Interessen unserer Datenverarbeitung bestehen darin, unser Angebot nutzerfreundlich zu gestalten und zu optimieren.<br \/>\n\t\t\tDie vorstehend genannten Daten werden nach einer definierten Zeit vom Webserver automatisiert gel\u00f6scht, die 30 Tage betr\u00e4gt. Sofern Daten zu Zwecken nach Nummern 2-5 l\u00e4nger verarbeitet werden, erfolgt die Anonymisierung oder L\u00f6schung, wenn die Speicherung f\u00fcr den jeweiligen Zweck nicht mehr erforderlich ist.\n\t\t\t<\/p>\n<p>\t\t\t<strong>Weitergabe von personenbezogenen Daten<\/strong><\/p>\n<p>Au\u00dfer in den zuvor genannten F\u00e4llen einer Verarbeitung im Auftrag geben wir Ihre personenbezogenen Daten nur an Dritte, d.h. andere nat\u00fcrliche oder juristische Personen au\u00dfer Ihnen (der betroffenen Person), dem Verantwortlichen oder dem Auftragsverarbeiter und deren zur Datenverarbeitung befugten Mitarbeiter weiter, wenn:<\/p>\n<p>\t\t\t\u2022\tSie gem. Art. 6 Abs. 1 S. 1 lit. a DSGVO Ihre ausdr\u00fcckliche Einwilligung dazu erteilt haben;<br \/>\n\t\t\t\u2022\tdies gem. Art. 6 Abs. 1 S. 1 lit. b DSGVO f\u00fcr die Erf\u00fcllung eines Vertrages mit Ihnen erforderlich ist,<br \/>\n\t\t\t\u2022\tWeitergabe an Versandunternehmen zum Zwecke der Lieferung der von Ihnen bestellten Ware,<br \/>\n\t\t\t\u2022\tWeitergabe von Zahlungsdaten an Zahlungsdienstleister bzw. Kreditinstitute, um einen Zahlungsvorgang durchzuf\u00fchren;<br \/>\n\t\t\t\u2022\tf\u00fcr den Fall, dass f\u00fcr die Weitergabe nach Art. 6 Abs. 1 S. 1 lit. c DSGVO eine gesetzliche Verpflichtung besteht, bspw. an Finanz- oder Strafverfolgungsbeh\u00f6rden;<br \/>\n\t\t\t\u2022\tdie Weitergabe ist nach Art. 6 Abs. 1 S. 1 lit. f DSGVO zur Geltendmachung, Aus\u00fcbung oder Verteidigung von Rechtsanspr\u00fcchen erforderlich und es besteht kein Grund zur Annahme, dass Sie ein \u00fcberwiegendes schutzw\u00fcrdiges Interesse an der Nichtweitergabe Ihrer Daten haben; eine solche Weitergabe kann bspw. im Falle von Angriffen auf unsere IT-Systeme an staatliche Einrichtungen und Strafverfolgungsbeh\u00f6rden erfolgen.<\/p>\n<p>Die weitergegebenen Daten d\u00fcrfen von dem Dritten ausschlie\u00dflich zu den genannten Zwecken verwendet werden. Im \u00dcbrigen werden unsere Webseiten gem\u00e4\u00df Art. 28 DSGVO von unserem Auftragsverarbeiter ausschlie\u00dflich auf Servern in Deutschland gehostet. Eine \u00dcbermittlung von personenbezogenen Daten an ein Drittland (au\u00dferhalb der EU) oder eine internationale Organisation ist ausgeschlossen.<\/p>\n<p>\t\t\t<strong>Kontaktformular<\/strong><\/p>\n<p>Treten Sie per E-Mail, Telefon oder Kontaktformular mit uns in Kontakt, werden die von Ihnen gemachten Angaben zum Zwecke der Bearbeitung der Anfrage sowie f\u00fcr m\u00f6gliche Anschlussfragen gem\u00e4\u00df Art. 6 Abs. 1 S. 1 lit b) DSGVO gespeichert. Die L\u00f6schung der Daten erfolgt mit Wegfall Ihrer Erforderlichkeit. Es gelten die gesetzlichen Aufbewahrungspflichten.<\/p>\n<p>\t\t\t<strong>Kommentare<\/strong><\/p>\n<p>Wenn Sie als Besucher Kommentare auf der Website schreiben, sammeln wir die Daten, die im Kommentar-Formular angezeigt werden, au\u00dferdem die IP-Adresse des Besuchers und den User-Agent-String (damit wird der Browser identifiziert), um die Erkennung von Spam zu unterst\u00fctzen.<\/p>\n<p>Aus Ihrer E-Mail-Adresse kann eine anonymisierte Zeichenfolge erstellt (auch Hash genannt) und dem Gravatar-Dienst \u00fcbergeben werden, um zu pr\u00fcfen, ob dieser genutzt wird. Die Datenschutzerkl\u00e4rung des Gravatar-Dienstes k\u00f6nnen Sie hier: <a href=\"https:\/\/automattic.com\/privacy\/\">https:\/\/automattic.com\/privacy\/<\/a> einsehen. Nachdem Ihr Kommentar freigegeben wurde, erscheint Ihr Profilbild dann \u00f6ffentlich im Kontext Ihres Kommentares.<\/p>\n<p>\t\t\t<strong>Cookies<\/strong><\/p>\n<p>Wir setzen auf unserer Seite Cookies ein. Hierbei handelt es sich um kleine Dateien, die Ihr Browser automatisch erstellt und die auf Ihrem Endger\u00e4t (Laptop, Tablet, Smartphone o.\u00e4.) gespeichert werden, wenn Sie unsere Seite besuchen. Cookies richten auf Ihrem Endger\u00e4t keinen Schaden an, enthalten keine Viren, Trojaner oder sonstige Schadsoftware.<br \/>\n\t\t\tIn dem Cookie werden Informationen abgelegt, die sich jeweils im Zusammenhang mit dem spezifisch eingesetzten Endger\u00e4t ergeben. Dies bedeutet jedoch nicht, dass wir dadurch unmittelbar Kenntnis von Ihrer Identit\u00e4t erhalten.<br \/>\n\t\t\tDer Einsatz von Cookies dient einerseits dazu, die Nutzung unseres Angebots f\u00fcr Sie angenehmer zu gestalten. So setzen wir sogenannte Session-Cookies ein, um die Sitzungssteuerung zu erm\u00f6glichen, bspw. Formulareingaben oder Warenk\u00f6rbe w\u00e4hrend der Sitzung zu speichern. Session-Cookies werden sp\u00e4testens mit dem Schlie\u00dfen Ihres Webbrowsers gel\u00f6scht.<br \/>\n\t\t\tDar\u00fcber hinaus setzen wir ebenfalls zur Optimierung der Benutzerfreundlichkeit tempor\u00e4re Cookies ein, die f\u00fcr einen bestimmten festgelegten Zeitraum auf Ihrem Endger\u00e4t gespeichert werden. Besuchen Sie unsere Seite erneut, um unsere Dienste in Anspruch zu nehmen, wird automatisch erkannt, dass Sie bereits bei uns waren und welche Eingaben und Einstellungen sie get\u00e4tigt haben, um diese nicht noch einmal eingeben zu m\u00fcssen.<br \/>\n\t\t\tDie meisten Browser akzeptieren Cookies automatisch. Sie k\u00f6nnen Ihren Browser jedoch so konfigurieren, dass keine Cookies auf Ihrem Computer gespeichert werden oder stets ein Hinweis erscheint, bevor ein neuer Cookie angelegt wird. Die vollst\u00e4ndige Deaktivierung von Cookies kann jedoch dazu f\u00fchren, dass Sie nicht alle Funktionen unserer Website nutzen k\u00f6nnen.\n\t\t\t<\/p>\n<p>\n\t\t\t Wenn du einen Kommentar auf unserer Website schreibst, kann das eine Einwilligung sein, deinen Namen, E-Mail-Adresse und Website in Cookies zu speichern. Dies ist eine Komfortfunktion, damit du nicht, wenn du einen weiteren Kommentar schreibst, all diese Daten erneut eingeben musst. Diese Cookies werden ein Jahr lang gespeichert.\n\t\t\t <\/p>\n<p>\t\t\t<strong>Betroffenenrechte<\/strong><\/p>\n<p>Sie haben das Recht:<\/p>\n<p>\n\t\t\t\u2022\tgem\u00e4\u00df Art. 7 Abs. 3 DSGVO Ihre einmal erteilte Einwilligung jederzeit gegen\u00fcber uns zu widerrufen. Dies hat zur Folge, dass wir die Datenverarbeitung, die auf dieser Einwilligung beruhte, f\u00fcr die Zukunft nicht mehr fortf\u00fchren d\u00fcrfen;<br \/>\n\t\t\t\u2022\tgem\u00e4\u00df Art. 15 DSGVO Auskunft \u00fcber Ihre von uns verarbeiteten personenbezogenen Daten zu verlangen. Insbesondere k\u00f6nnen Sie Auskunft \u00fcber die Verarbeitungszwecke, die Kategorie der personenbezogenen Daten, die Kategorien von Empf\u00e4ngern, gegen\u00fcber denen Ihre Daten offengelegt wurden oder werden, die geplante Speicherdauer, das Bestehen eines Rechts auf Berichtigung, L\u00f6schung, Einschr\u00e4nkung der Verarbeitung oder Widerspruch, das Bestehen eines Beschwerderechts, die Herkunft ihrer Daten, sofern diese nicht bei uns erhoben wurden, sowie \u00fcber das Bestehen einer automatisierten Entscheidungsfindung einschlie\u00dflich Profiling und ggf. aussagekr\u00e4ftigen Informationen zu deren Einzelheiten verlangen;<br \/>\n\t\t\t\u2022\tgem\u00e4\u00df Art. 16 DSGVO unverz\u00fcglich die Berichtigung unrichtiger oder Vervollst\u00e4ndigung Ihrer bei uns gespeicherten personenbezogenen Daten zu verlangen;<br \/>\n\t\t\t\u2022\tgem\u00e4\u00df Art. 17 DSGVO die L\u00f6schung Ihrer bei uns gespeicherten personenbezogenen Daten zu verlangen, soweit nicht die Verarbeitung zur Aus\u00fcbung des Rechts auf freie Meinungs\u00e4u\u00dferung und Information, zur Erf\u00fcllung einer rechtlichen Verpflichtung, aus Gr\u00fcnden des \u00f6ffentlichen Interesses oder zur Geltendmachung, Aus\u00fcbung oder Verteidigung von Rechtsanspr\u00fcchen erforderlich ist;<br \/>\n\t\t\t\u2022\tgem\u00e4\u00df Art. 18 DSGVO die Einschr\u00e4nkung der Verarbeitung Ihrer personenbezogenen Daten zu verlangen, soweit die Richtigkeit der Daten von Ihnen bestritten wird, die Verarbeitung unrechtm\u00e4\u00dfig ist, Sie aber deren L\u00f6schung ablehnen und wir die Daten nicht mehr ben\u00f6tigen, Sie jedoch diese zur Geltendmachung, Aus\u00fcbung oder Verteidigung von Rechtsanspr\u00fcchen ben\u00f6tigen oder Sie gem\u00e4\u00df Art. 21 DSGVO Widerspruch gegen die Verarbeitung eingelegt haben;<br \/>\n\t\t\t\u2022\tgem\u00e4\u00df Art. 20 DSGVO Ihre personenbezogenen Daten, die Sie uns bereitgestellt haben, in einem strukturierten, g\u00e4ngigen und maschinenlesebaren Format zu erhalten oder die \u00dcbermittlung an einen anderen Verantwortlichen zu verlangen und<br \/>\n\t\t\t\u2022\tgem\u00e4\u00df Art. 77 DSGVO sich bei einer Aufsichtsbeh\u00f6rde zu beschweren. In der Regel k\u00f6nnen Sie sich hierf\u00fcr an die Aufsichtsbeh\u00f6rde ihres \u00fcblichen Aufenthaltsortes oder Arbeitsplatzes oder unseres Unternehmenssitzes wenden.\n\t\t\t<\/p>\n<p>\t\t\t<strong>Eingebettete YouTube-Videos<\/strong><\/p>\n<p>Auf einigen unserer Webseiten betten wir Youtube-Videos ein. Betreiber der entsprechenden Plugins ist die YouTube, LLC, 901 Cherry Ave., San Bruno, CA 94066, USA. Wenn Sie eine Seite mit dem YouTube-Plugin besuchen, wird eine Verbindung zu Servern von Youtube hergestellt. Dabei wird Youtube mitgeteilt, welche Seiten Sie besuchen. Wenn Sie in Ihrem Youtube-Account eingeloggt sind, kann Youtube Ihr Surfverhalten Ihnen pers\u00f6nlich zuzuordnen. Dies verhindern Sie, indem Sie sich vorher aus Ihrem Youtube-Account ausloggen.Wird ein Youtube-Video gestartet, setzt der Anbieter Cookies ein, die Hinweise \u00fcber das Nutzerverhalten sammeln.<\/p>\n<p>Wer das Speichern von Cookies f\u00fcr das Google-Ad-Programm deaktiviert hat, wird auch beim Anschauen von Youtube-Videos mit keinen solchen Cookies rechnen m\u00fcssen. Youtube legt aber auch in anderen Cookies nicht-personenbezogene Nutzungsinformationen ab. M\u00f6chten Sie dies verhindern, so m\u00fcssen Sie das Speichern von Cookies im Browser blockieren.<br \/>\nWeitere Informationen zum Datenschutz bei \u201eYoutube\u201c finden Sie in der Datenschutzerkl\u00e4rung des Anbieters unter: <a href=\"www.google.de\/intl\/de\/policies\/privacy\">www.google.de\/intl\/de\/policies\/privacy<\/a><\/p>\n<p><strong>Eingebettete Google Maps<\/strong><\/p>\n<p>Auf einigen unserer Webseiten betten wir Karten von Google Maps ein. Wenn Sie eine Seite mit Google Maps besuchen wird erst nach Best\u00e4tigung des Links &#8222;Google Karte laden&#8220; eine Verbindung zu Servern von Google hergestellt. Dabei wird Google Ihre IP-Adresse, der User-Agent-String und die referrer url (von welcher Seite wurde die Karte geladen) \u00fcbermittelt. Dies verhindern Sie, indem Sie diesen Link nicht best\u00e4tigen. Wird eine Karte von Google Maps geladen, setzt der Anbieter Cookies ein, die Hinweise \u00fcber das jeweilige Nutzerverhalten sammeln k\u00f6nnen. Weitere Informationen zum Datenschutz bei Google finden Sie hier: <a href=\"https:\/\/policies.google.com\/privacy?hl=de\">https:\/\/policies.google.com\/privacy?hl=de<\/a><\/p>\n<p>\t\t\t<strong>Information \u00fcber Ihr Widerspruchsrecht nach Art. 21 DSGVO<\/strong><\/p>\n<p>\n\t\t\tSie haben das Recht, aus Gr\u00fcnden, die sich aus Ihrer besonderen Situation ergeben, jederzeit gegen die Verarbeitung Sie betreffender personenbezogener Daten, die aufgrund von Artikel 6 Absatz 1 Buchstabe e DSGVO (Datenverarbeitung im \u00f6ffentlichen Interesse) und Artikel 6 Absatz 1 Buchstabe f DSGVO (Datenverarbeitung auf der Grundlage einer Interessenabw\u00e4gung) erfolgt, Widerspruch einzulegen; dies gilt auch f\u00fcr ein auf diese Bestimmung gest\u00fctztes Profiling von Artikel 4 Nr. 4 DSGVO.<br \/>\n\t\t\tLegen Sie Widerspruch ein, werden wir Ihre personenbezogenen Daten nicht mehr verarbeiten, es sei denn, wir k\u00f6nnen zwingende schutzw\u00fcrdige Gr\u00fcnde f\u00fcr die Verarbeitung nachweisen, die Ihre Interessen, Rechte und Freiheiten \u00fcberwiegen, oder die Verarbeitung dient der Geltendmachung, Aus\u00fcbung oder Verteidigung von Rechtsanspr\u00fcchen.<br \/>\n\t\t\tSofern sich Ihr Widerspruch gegen eine Verarbeitung von Daten zum Zwecke der Direktwerbung richtet, so werden wir die Verarbeitung umgehend einstellen. In diesem Fall ist die Angabe einer besonderen Situation nicht erforderlich. Dies gilt auch f\u00fcr das Profiling, soweit es mit solcher Direktwerbung in Verbindung steht.\n\t\t\t<\/p>\n<p>\t\t\t<strong>Datensicherheit<\/strong><\/p>\n<p>Alle von Ihnen pers\u00f6nlich \u00fcbermittelten Daten werden mit dem allgemein \u00fcblichen und sicheren Standard TLS (Transport Layer Security) verschl\u00fcsselt \u00fcbertragen. TLS ist ein sicherer und erprobter Standard, der z.B. auch beim Onlinebanking Verwendung findet. Sie erkennen eine sichere TLS-Verbindung unter anderem an dem angeh\u00e4ngten s am http (also https:\/\/..) in der Adressleiste Ihres Browsers oder am Schloss-Symbol im unteren Bereich Ihres Browsers.<br \/>\n\t\t\tWir bedienen uns im \u00dcbrigen geeigneter technischer und organisatorischer Sicherheitsma\u00dfnahmen, um Ihre Daten gegen zuf\u00e4llige oder vors\u00e4tzliche Manipulationen, teilweisen oder vollst\u00e4ndigen Verlust, Zerst\u00f6rung oder gegen den unbefugten Zugriff Dritter zu sch\u00fctzen. Unsere Sicherheitsma\u00dfnahmen werden entsprechend der technologischen Entwicklung fortlaufend verbessert.\n\t\t\t<\/p>\n<p>\t\t\t<strong>Aktualit\u00e4t und \u00c4nderung dieser Datenschutzinformation<\/strong><\/p>\n<p>Diese Datenschutzinformation ist aktuell g\u00fcltig und hat den Stand Mai 2018.<br \/>\n\t\t\tDurch die Weiterentwicklung unserer Webseite und Angebote dar\u00fcber oder aufgrund ge\u00e4nderter gesetzlicher bzw. beh\u00f6rdlicher Vorgaben kann es notwendig werden, diese Datenschutzinformation zu \u00e4ndern.\n\t\t\t<\/p>\n<p>\t\t\t<strong>Salvatorische Klausel<\/strong><\/p>\n<p>Sollten einzelne Bestimmungen dieser Datenschutzerkl\u00e4rung ganz oder in Teilen unwirksam oder undurchf\u00fchrbar sein oder werden, ber\u00fchrt dies nicht die Wirksamkeit der \u00fcbrigen Bestimmungen. Entsprechendes gilt im Fall von L\u00fccken.<\/p>\n<\/p><\/div>\n<\/aside>\n","protected":false},"excerpt":{"rendered":"<p>Datenschutzerkl\u00e4rung Datenschutzerkl\u00e4rung nach DSGVO Diese Datenschutzerkl\u00e4rung gilt f\u00fcr die Webseiten der Sekundarschule Bad Bibra unter sks-badbibra.blk.de. Dieser wird vom Burgenlandkreis in einem Rechenzentrum in<\/p>\n","protected":false},"author":1,"featured_media":0,"parent":0,"menu_order":0,"comment_status":"closed","ping_status":"open","template":"","meta":{"footnotes":""},"class_list":["post-3","page","type-page","status-publish","hentry"],"_links":{"self":[{"href":"https:\/\/sks-badbibra.blk.de\/index.php?rest_route=\/wp\/v2\/pages\/3","targetHints":{"allow":["GET"]}}],"collection":[{"href":"https:\/\/sks-badbibra.blk.de\/index.php?rest_route=\/wp\/v2\/pages"}],"about":[{"href":"https:\/\/sks-badbibra.blk.de\/index.php?rest_route=\/wp\/v2\/types\/page"}],"author":[{"embeddable":true,"href":"https:\/\/sks-badbibra.blk.de\/index.php?rest_route=\/wp\/v2\/users\/1"}],"replies":[{"embeddable":true,"href":"https:\/\/sks-badbibra.blk.de\/index.php?rest_route=%2Fwp%2Fv2%2Fcomments&post=3"}],"version-history":[{"count":25,"href":"https:\/\/sks-badbibra.blk.de\/index.php?rest_route=\/wp\/v2\/pages\/3\/revisions"}],"predecessor-version":[{"id":499,"href":"https:\/\/sks-badbibra.blk.de\/index.php?rest_route=\/wp\/v2\/pages\/3\/revisions\/499"}],"wp:attachment":[{"href":"https:\/\/sks-badbibra.blk.de\/index.php?rest_route=%2Fwp%2Fv2%2Fmedia&parent=3"}],"curies":[{"name":"wp","href":"https:\/\/api.w.org\/{rel}","templated":true}]}}