{"id":302,"date":"2018-11-06T16:12:15","date_gmt":"2018-11-06T15:12:15","guid":{"rendered":"https:\/\/sks-badbibra.blk.de\/?page_id=302"},"modified":"2019-12-17T19:09:07","modified_gmt":"2019-12-17T18:09:07","slug":"leitbild","status":"publish","type":"page","link":"https:\/\/sks-badbibra.blk.de\/?page_id=302","title":{"rendered":"Leitbild"},"content":{"rendered":"<h3 class=\"widget-title title-block-wrap clearfix\"><span class=\"block-title\"><span class=\"block-title\">&#8222;Gemeinsam Gut und Gesund Lernen&#8220;<\/span><\/span><\/h3>\n<p>Dieses Leitbild bestimmt seit dem SJ 2006\/07 das p\u00e4dagogische Konzept unserer Sekundarschule Bad Bibra, einer Schule im l\u00e4ndlichen Raum des westlichen Burgenlandkreises an der Grenze zu Th\u00fcringen.<br \/>\nSie wurde am 15.11.1980 gegr\u00fcndet und ist in ihrem heutigen Bestand aus den Fusionen von\u00a0sechs Sekundarschulen im ehemaligen Kreisgebiet Nebra entstanden und somit der \u201ep\u00e4dagogische Fels der in Brandung\u201c.<\/p>\n<p>Die Sch\u00fcler der ehemaligen Kreisstadt Nebra, der Stadt Bad Bibra und 53 weiterer Ortschaften werden hier beschult. Ein hoher Anteil von Fahrsch\u00fclern bestimmt die Organisation unseres Schulbetriebes im Rahmen des Sch\u00fclertransportes.<\/p>\n<p>Soziale Probleme als Folgen von Arbeitslosigkeit, Patchwork-Familien, alleinerziehenden Elternteilen oder Pendlern erschweren zunehmend die Erziehungs- und Bildungsarbeit unserer Lehrkr\u00e4fte. Die Lehrerinnen und Lehrer stellen sich diesen immensen Herausforderungen\u00a0tagt\u00e4glich. Die <strong>Digitalisierung<\/strong> wird in der\u00a0Sekundarschule Bad Bibra\u00a0seit dem Schuljahr 2018\/19 &#8222;gelebt&#8220;, so wurden alle Unterrichtsr\u00e4ume mit modernen digitalen Tafeln ausgestattet, was ein zeitgem\u00e4\u00dfes Arbeiten erm\u00f6glicht. Das Kollegium nimmt diesen &#8222;Umbruch&#8220; motiviert an und arbeitet sich in einem fortlaufenden Prozess engagiert ein.<\/p>\n<style type=\"text\/css\">\n\t#foogallery-gallery-633 .fg-image {\n        width: 150px;\n    }\n<\/style>\n\t\t\t\t<div class=\"foogallery foogallery-container foogallery-default foogallery-lightbox-foobox fg-gutter-10 fg-center fg-default fg-light fg-border-thin fg-shadow-outline fg-loading-default fg-loaded-fade-in fg-caption-hover fg-hover-fade fg-hover-zoom fg-ready\" id=\"foogallery-gallery-633\" data-foogallery=\"{&quot;item&quot;:{&quot;showCaptionTitle&quot;:true,&quot;showCaptionDescription&quot;:true},&quot;lazy&quot;:true}\" >\n\t<div class=\"fg-item fg-type-image fg-idle\"><figure class=\"fg-item-inner\"><a href=\"https:\/\/sks-badbibra.blk.de\/wp-content\/uploads\/2019\/05\/IMG_4862.jpg\" data-attachment-id=\"632\" data-type=\"image\" class=\"fg-thumb\"><span class=\"fg-image-wrap\"><img decoding=\"async\" width=\"150\" height=\"150\" class=\"skip-lazy fg-image\" data-src-fg=\"https:\/\/sks-badbibra.blk.de\/wp-content\/uploads\/cache\/2019\/05\/IMG_4862\/431473886.jpg\" src=\"data:image\/svg+xml,%3Csvg%20xmlns%3D%22http%3A%2F%2Fwww.w3.org%2F2000%2Fsvg%22%20width%3D%22150%22%20height%3D%22150%22%20viewBox%3D%220%200%20150%20150%22%3E%3C%2Fsvg%3E\" loading=\"eager\"><\/span><span class=\"fg-image-overlay\"><\/span><\/a><figcaption class=\"fg-caption\"><div class=\"fg-caption-inner\"><\/div><\/figcaption><\/figure><div class=\"fg-loader\"><\/div><\/div><\/div>\n\n<p><strong>So entstand unser Leitbild:<\/strong><\/p>\n<p><strong>\u201e<\/strong><b>G<\/b><b>emeinsam <\/b><b>L<\/b><b>ernen\u201c<br \/>\n<\/b>Seit dem Schuljahr 2006\/07 zeichnet sich nach zahlreichen Schulschlie\u00dfungen eine Best\u00e4ndigkeit der Schullandschaft in unserem Burgenlandkreis und unserer Sekundarschule ab. Eine Perspektive und ein \u201eGemeinsamer Weg\u201c er\u00f6ffnen sich. Das war der Anlass, unser Leitmotiv zu erweitern und es war unser Ziel,\u00a0die neuen\u00a0Sch\u00fclerInnen\u00a0und Lehrkr\u00e4fte durch vielf\u00e4ltige Aktivit\u00e4ten und Schaffen gemeinsamer Traditionen zu einer echten Gemeinschaft werden zu lassen.<\/p>\n<p><b> \u201e<\/b><b>G<\/b><b>ut <\/b><b>L<\/b><b>ernen\u201c<br \/>\n<\/b>Mit dem Adjektiv <b>\u201eGut\u201c <\/b>im Leitmotiv verbinden sich die Verbesserung der Unterrichtsqualit\u00e4t und der Sch\u00fclerbildungsleistungen an unserer Einrichtung.<br \/>\nDieses Ziel stellt einen hohen Anspruch an die derzeitige und k\u00fcnftige Unterrichtsarbeit in allen F\u00e4chern.<\/p>\n<p><b> \u201e<\/b><b>G<\/b><b>esund <\/b><b>L<\/b><b>ernen\u201c<br \/>\n<\/b>Die Gesundheitserziehung unserer Sch\u00fcler in den vielf\u00e4ltigsten Bereichen zieht sich vom Anfang wie ein roter Faden durch unsere p\u00e4dagogische Konzeption.<br \/>\nZwei \u00e4u\u00dfere Faktoren bestimmten zun\u00e4chst die Einf\u00fchrung des Konzeptes der Kneippschen Gesundheitslehre als eine Grundlage unserer Gesundheitserziehung und \u2013f\u00f6rderung.<\/p>\n<figure id=\"attachment_403\" aria-describedby=\"caption-attachment-403\" style=\"width: 300px\" class=\"wp-caption aligncenter\"><img loading=\"lazy\" decoding=\"async\" class=\"wp-image-403 size-medium\" src=\"http:\/\/sks-badbibra.blk.de\/wp-content\/uploads\/2018\/11\/Schule_Ansicht_Mensa-300x225.jpg\" alt=\"\" width=\"300\" height=\"225\" srcset=\"https:\/\/sks-badbibra.blk.de\/wp-content\/uploads\/2018\/11\/Schule_Ansicht_Mensa-300x225.jpg 300w, https:\/\/sks-badbibra.blk.de\/wp-content\/uploads\/2018\/11\/Schule_Ansicht_Mensa-500x375.jpg 500w, https:\/\/sks-badbibra.blk.de\/wp-content\/uploads\/2018\/11\/Schule_Ansicht_Mensa.jpg 640w\" sizes=\"auto, (max-width: 300px) 100vw, 300px\" \/><figcaption id=\"caption-attachment-403\" class=\"wp-caption-text\">Haus 2 mit Blick auf unsere Aula.<\/figcaption><\/figure>\n","protected":false},"excerpt":{"rendered":"<p>&#8222;Gemeinsam Gut und Gesund Lernen&#8220; Dieses Leitbild bestimmt seit dem SJ 2006\/07 das p\u00e4dagogische Konzept unserer Sekundarschule Bad Bibra, einer Schule im l\u00e4ndlichen Raum<\/p>\n","protected":false},"author":1,"featured_media":0,"parent":0,"menu_order":0,"comment_status":"closed","ping_status":"closed","template":"","meta":{"footnotes":""},"class_list":["post-302","page","type-page","status-publish","hentry"],"_links":{"self":[{"href":"https:\/\/sks-badbibra.blk.de\/index.php?rest_route=\/wp\/v2\/pages\/302","targetHints":{"allow":["GET"]}}],"collection":[{"href":"https:\/\/sks-badbibra.blk.de\/index.php?rest_route=\/wp\/v2\/pages"}],"about":[{"href":"https:\/\/sks-badbibra.blk.de\/index.php?rest_route=\/wp\/v2\/types\/page"}],"author":[{"embeddable":true,"href":"https:\/\/sks-badbibra.blk.de\/index.php?rest_route=\/wp\/v2\/users\/1"}],"replies":[{"embeddable":true,"href":"https:\/\/sks-badbibra.blk.de\/index.php?rest_route=%2Fwp%2Fv2%2Fcomments&post=302"}],"version-history":[{"count":13,"href":"https:\/\/sks-badbibra.blk.de\/index.php?rest_route=\/wp\/v2\/pages\/302\/revisions"}],"predecessor-version":[{"id":985,"href":"https:\/\/sks-badbibra.blk.de\/index.php?rest_route=\/wp\/v2\/pages\/302\/revisions\/985"}],"wp:attachment":[{"href":"https:\/\/sks-badbibra.blk.de\/index.php?rest_route=%2Fwp%2Fv2%2Fmedia&parent=302"}],"curies":[{"name":"wp","href":"https:\/\/api.w.org\/{rel}","templated":true}]}}