{"id":323,"date":"2018-11-06T16:41:45","date_gmt":"2018-11-06T15:41:45","guid":{"rendered":"https:\/\/sks-badbibra.blk.de\/?page_id=323"},"modified":"2023-01-30T08:54:08","modified_gmt":"2023-01-30T07:54:08","slug":"berufsorientierung","status":"publish","type":"page","link":"https:\/\/sks-badbibra.blk.de\/?page_id=323","title":{"rendered":"Berufsorientierung"},"content":{"rendered":"<h3 class=\"widget-title title-block-wrap clearfix\"><span class=\"block-title\"><span class=\"block-title\">Berufsorientierung<\/span><\/span><\/h3>\n<p>In Zusammenarbeit mit der Schule, der Agentur f\u00fcr Arbeit, der Wirtschaft und den Elternh\u00e4usern ist es uns gelungen, ein schulspezifisches Konzept f\u00fcr die Klassenstufen 5 bis 10 zu entwickeln, das den Sch\u00fclern und Sch\u00fclerinnen in ihrem Entscheidungsprozess f\u00fcr die Berufswahl Hilfe und Unterst\u00fctzung bietet:<\/p>\n<p>Dieses Konzept beinhaltet:<\/p>\n<ul>\n<li>Betriebsbesichtigungen und Betriebserkundungen ab Klasse 5<\/li>\n<li>BRAFO-Projekt in Klasse 7<\/li>\n<li>Anlegen und F\u00fchren des Berufswahlpasses ab Klasse 7<\/li>\n<li>Sch\u00fclerbetriebspraktika und Ferienpraktika ab Klasse 8<\/li>\n<li>Projekte zum Bewerbungstraining in den Klassen 9 und 10<\/li>\n<li>Besuch der Berufsfindungsmesse in Zeitz in den Klassen 9 und 10<\/li>\n<li>BIZ-Mobil in Klasse 9<\/li>\n<li>Informationsveranstaltungen durch Kooperationspartner (z.B. am Tag der offenen T\u00fcr)<\/li>\n<li>Integration von Partnern der Wirtschaft und Verwaltung in den Unterricht<\/li>\n<\/ul>\n<p>Zus\u00e4tzlich findet eine enge Zusammenarbeit mit den Berufsberatern der Agentur f\u00fcr Arbeit statt. Seit 2012 besteht f\u00fcr die Hauptsch\u00fcler ab der 8. Klasse die M\u00f6glichkeit, an dem Projekt &#8222;Berufseinstiegsbegleitung&#8220; teilzunehmen.<\/p>\n<p><strong>Diese vielf\u00e4ltigen Bem\u00fchungen der Sekundarschule Bad Bibra um die Berufsvorbereitung finden seit 2008 Anerkennung durch das Berufswahlsiegel Sachsen-Anhalts mit dem Titel:<\/strong><\/p>\n<h1 style=\"text-align: center;\"><span style=\"color: #008000;\"><strong>&#8222;Schule mit vorbildlicher Berufswahlorientierung&#8220;<\/strong><\/span><\/h1>\n<p><img loading=\"lazy\" decoding=\"async\" class=\"wp-image-472 aligncenter\" src=\"http:\/\/sks-badbibra.blk.de\/wp-content\/uploads\/2018\/11\/Berufswahl-Siegel-bib-ps.png\" alt=\"\" width=\"450\" height=\"224\" srcset=\"https:\/\/sks-badbibra.blk.de\/wp-content\/uploads\/2018\/11\/Berufswahl-Siegel-bib-ps.png 1533w, https:\/\/sks-badbibra.blk.de\/wp-content\/uploads\/2018\/11\/Berufswahl-Siegel-bib-ps-300x149.png 300w, https:\/\/sks-badbibra.blk.de\/wp-content\/uploads\/2018\/11\/Berufswahl-Siegel-bib-ps-768x381.png 768w, https:\/\/sks-badbibra.blk.de\/wp-content\/uploads\/2018\/11\/Berufswahl-Siegel-bib-ps-1024x508.png 1024w, https:\/\/sks-badbibra.blk.de\/wp-content\/uploads\/2018\/11\/Berufswahl-Siegel-bib-ps-500x248.png 500w\" sizes=\"auto, (max-width: 450px) 100vw, 450px\" \/><\/p>\n<p>https:\/\/www.berufswahlsiegel-sachsen-anhalt.de\/<\/p>\n<p>&nbsp;<\/p>\n<p>BRAFO-Projekt<span class=\"block-title\">\u00a0Schuljahr 2018\/19<\/span><\/p>\n<style type=\"text\/css\">\n\t#foogallery-gallery-627 .fg-image {\n        width: 150px;\n    }\n<\/style>\n\t\t\t\t<div class=\"foogallery foogallery-container foogallery-default foogallery-lightbox-foobox fg-gutter-10 fg-center fg-default fg-light fg-border-thin fg-shadow-outline fg-loading-default fg-loaded-fade-in fg-caption-hover fg-hover-fade fg-hover-zoom fg-ready\" id=\"foogallery-gallery-627\" data-foogallery=\"{&quot;item&quot;:{&quot;showCaptionTitle&quot;:true,&quot;showCaptionDescription&quot;:true},&quot;lazy&quot;:true}\" >\n\t<div class=\"fg-item fg-type-image fg-idle\"><figure class=\"fg-item-inner\"><a href=\"https:\/\/sks-badbibra.blk.de\/wp-content\/uploads\/2019\/05\/IMG_5676-e1557478927681.jpg\" data-attachment-id=\"621\" data-type=\"image\" class=\"fg-thumb\"><span class=\"fg-image-wrap\"><img decoding=\"async\" width=\"150\" height=\"150\" class=\"skip-lazy fg-image\" data-src-fg=\"https:\/\/sks-badbibra.blk.de\/wp-content\/uploads\/cache\/2019\/05\/IMG_5676-e1557478927681\/1595791306.jpg\" src=\"data:image\/svg+xml,%3Csvg%20xmlns%3D%22http%3A%2F%2Fwww.w3.org%2F2000%2Fsvg%22%20width%3D%22150%22%20height%3D%22150%22%20viewBox%3D%220%200%20150%20150%22%3E%3C%2Fsvg%3E\" loading=\"eager\"><\/span><span class=\"fg-image-overlay\"><\/span><\/a><figcaption class=\"fg-caption\"><div class=\"fg-caption-inner\"><\/div><\/figcaption><\/figure><div class=\"fg-loader\"><\/div><\/div><div class=\"fg-item fg-type-image fg-idle\"><figure class=\"fg-item-inner\"><a href=\"https:\/\/sks-badbibra.blk.de\/wp-content\/uploads\/2019\/05\/IMG_5673.jpg\" data-attachment-id=\"620\" data-type=\"image\" class=\"fg-thumb\"><span class=\"fg-image-wrap\"><img decoding=\"async\" width=\"150\" height=\"150\" class=\"skip-lazy fg-image\" data-src-fg=\"https:\/\/sks-badbibra.blk.de\/wp-content\/uploads\/cache\/2019\/05\/IMG_5673\/1549512362.jpg\" src=\"data:image\/svg+xml,%3Csvg%20xmlns%3D%22http%3A%2F%2Fwww.w3.org%2F2000%2Fsvg%22%20width%3D%22150%22%20height%3D%22150%22%20viewBox%3D%220%200%20150%20150%22%3E%3C%2Fsvg%3E\" loading=\"eager\"><\/span><span class=\"fg-image-overlay\"><\/span><\/a><figcaption class=\"fg-caption\"><div class=\"fg-caption-inner\"><\/div><\/figcaption><\/figure><div class=\"fg-loader\"><\/div><\/div><div class=\"fg-item fg-type-image fg-idle\"><figure class=\"fg-item-inner\"><a href=\"https:\/\/sks-badbibra.blk.de\/wp-content\/uploads\/2019\/05\/IMG_5672-1.jpg\" data-attachment-id=\"624\" data-type=\"image\" class=\"fg-thumb\"><span class=\"fg-image-wrap\"><img decoding=\"async\" width=\"150\" height=\"150\" class=\"skip-lazy fg-image\" data-src-fg=\"https:\/\/sks-badbibra.blk.de\/wp-content\/uploads\/cache\/2019\/05\/IMG_5672-1\/932044574.jpg\" src=\"data:image\/svg+xml,%3Csvg%20xmlns%3D%22http%3A%2F%2Fwww.w3.org%2F2000%2Fsvg%22%20width%3D%22150%22%20height%3D%22150%22%20viewBox%3D%220%200%20150%20150%22%3E%3C%2Fsvg%3E\" loading=\"eager\"><\/span><span class=\"fg-image-overlay\"><\/span><\/a><figcaption class=\"fg-caption\"><div class=\"fg-caption-inner\"><\/div><\/figcaption><\/figure><div class=\"fg-loader\"><\/div><\/div><div class=\"fg-item fg-type-image fg-idle\"><figure class=\"fg-item-inner\"><a href=\"https:\/\/sks-badbibra.blk.de\/wp-content\/uploads\/2019\/05\/IMG_5668-e1557478947184.jpg\" data-attachment-id=\"618\" data-type=\"image\" class=\"fg-thumb\"><span class=\"fg-image-wrap\"><img decoding=\"async\" width=\"150\" height=\"150\" class=\"skip-lazy fg-image\" data-src-fg=\"https:\/\/sks-badbibra.blk.de\/wp-content\/uploads\/cache\/2019\/05\/IMG_5668-e1557478947184\/2291231470.jpg\" src=\"data:image\/svg+xml,%3Csvg%20xmlns%3D%22http%3A%2F%2Fwww.w3.org%2F2000%2Fsvg%22%20width%3D%22150%22%20height%3D%22150%22%20viewBox%3D%220%200%20150%20150%22%3E%3C%2Fsvg%3E\" loading=\"eager\"><\/span><span class=\"fg-image-overlay\"><\/span><\/a><figcaption class=\"fg-caption\"><div class=\"fg-caption-inner\"><\/div><\/figcaption><\/figure><div class=\"fg-loader\"><\/div><\/div><div class=\"fg-item fg-type-image fg-idle\"><figure class=\"fg-item-inner\"><a href=\"https:\/\/sks-badbibra.blk.de\/wp-content\/uploads\/2019\/05\/IMG_5684.jpg\" data-attachment-id=\"622\" data-type=\"image\" class=\"fg-thumb\"><span class=\"fg-image-wrap\"><img decoding=\"async\" width=\"150\" height=\"150\" class=\"skip-lazy fg-image\" data-src-fg=\"https:\/\/sks-badbibra.blk.de\/wp-content\/uploads\/cache\/2019\/05\/IMG_5684\/1241192317.jpg\" src=\"data:image\/svg+xml,%3Csvg%20xmlns%3D%22http%3A%2F%2Fwww.w3.org%2F2000%2Fsvg%22%20width%3D%22150%22%20height%3D%22150%22%20viewBox%3D%220%200%20150%20150%22%3E%3C%2Fsvg%3E\" loading=\"eager\"><\/span><span class=\"fg-image-overlay\"><\/span><\/a><figcaption class=\"fg-caption\"><div class=\"fg-caption-inner\"><\/div><\/figcaption><\/figure><div class=\"fg-loader\"><\/div><\/div><\/div>\n\n","protected":false},"excerpt":{"rendered":"<p>Berufsorientierung In Zusammenarbeit mit der Schule, der Agentur f\u00fcr Arbeit, der Wirtschaft und den Elternh\u00e4usern ist es uns gelungen, ein schulspezifisches Konzept f\u00fcr die<\/p>\n","protected":false},"author":1,"featured_media":0,"parent":0,"menu_order":0,"comment_status":"closed","ping_status":"closed","template":"","meta":{"footnotes":""},"class_list":["post-323","page","type-page","status-publish","hentry"],"_links":{"self":[{"href":"https:\/\/sks-badbibra.blk.de\/index.php?rest_route=\/wp\/v2\/pages\/323","targetHints":{"allow":["GET"]}}],"collection":[{"href":"https:\/\/sks-badbibra.blk.de\/index.php?rest_route=\/wp\/v2\/pages"}],"about":[{"href":"https:\/\/sks-badbibra.blk.de\/index.php?rest_route=\/wp\/v2\/types\/page"}],"author":[{"embeddable":true,"href":"https:\/\/sks-badbibra.blk.de\/index.php?rest_route=\/wp\/v2\/users\/1"}],"replies":[{"embeddable":true,"href":"https:\/\/sks-badbibra.blk.de\/index.php?rest_route=%2Fwp%2Fv2%2Fcomments&post=323"}],"version-history":[{"count":21,"href":"https:\/\/sks-badbibra.blk.de\/index.php?rest_route=\/wp\/v2\/pages\/323\/revisions"}],"predecessor-version":[{"id":1402,"href":"https:\/\/sks-badbibra.blk.de\/index.php?rest_route=\/wp\/v2\/pages\/323\/revisions\/1402"}],"wp:attachment":[{"href":"https:\/\/sks-badbibra.blk.de\/index.php?rest_route=%2Fwp%2Fv2%2Fmedia&parent=323"}],"curies":[{"name":"wp","href":"https:\/\/api.w.org\/{rel}","templated":true}]}}