{"id":329,"date":"2018-11-06T16:42:38","date_gmt":"2018-11-06T15:42:38","guid":{"rendered":"https:\/\/sks-badbibra.blk.de\/?page_id=329"},"modified":"2018-11-24T13:45:11","modified_gmt":"2018-11-24T12:45:11","slug":"hausaufgaben","status":"publish","type":"page","link":"https:\/\/sks-badbibra.blk.de\/?page_id=329","title":{"rendered":"Hausaufgaben"},"content":{"rendered":"<h3 class=\"widget-title title-block-wrap clearfix\"><span class=\"block-title\"><span class=\"block-title\">Hausaufgaben<\/span><\/span><\/h3>\n<p><strong>Wir sind eine Halbtagsschule und somit sind Hausaufgaben f\u00fcr die Vor- und Nachbereitung sowie zur \u00dcbung von bereits Erlerntem unverzichtbar. <\/strong><\/p>\n<p>Damit das Lernen zuhause gut gelingt, sind sowohl Lehrerinnen und Lehrer, Sch\u00fclerinnen und Sch\u00fcler als auch die Eltern verantwortlich, entsprechend mitzuwirken.<\/p>\n<p><strong>Welche Rollen spielen hierbei die Lehrerinnen und Lehrer?<\/strong><\/p>\n<ul>\n<li>Sie stellen Hausaufgaben in einem angemessenen Umfang. Um eine \u00dcberbelastung der Sch\u00fclerinnen\/Sch\u00fcler vorzubeugen, werden die Hausaufgaben in das Klassenbuch notiert. Somit k\u00f6nnen die Lehrkr\u00e4fte einsch\u00e4tzen, wie viele Hausaufgaben an einem Tag insgesamt gestellt werden.<\/li>\n<li>Sie achten darauf, dass die Sch\u00fcler ein Hausaufgabenheft f\u00fchren bzw. belehren die Sch\u00fclerinnen\/Sch\u00fcler regelm\u00e4\u00dfig, dies zu tun.<\/li>\n<li>Sie kontrollieren das Erledigen der Hausaufgaben (mindestens in Stichproben) und lassen die Ergebnisse, wenn m\u00f6glich, entsprechend in den Unterricht einflie\u00dfen.<\/li>\n<li>Erledigen die Sch\u00fclerinnen\/Sch\u00fcler ihre Hausaufgaben nicht, wird dies im Hausaufgabenheft notiert. Bei wiederholten F\u00e4llen k\u00f6nnen weitere Ma\u00dfnahmen ergriffen werden.<\/li>\n<\/ul>\n<p><strong>Was genau ist nun die Aufgabe der Sch\u00fclerinnen und Sch\u00fcler?<\/strong><\/p>\n<ul>\n<li>Sie notieren sich die Hausaufgaben selbstst\u00e4ndig und gewissenhaft in ihr Hausaufgabenheft.<\/li>\n<li>Wenn bereits bei der Aufgabenstellung Dinge unklar sind, kl\u00e4ren sie diese noch vor Unterrichtsschluss mit der Lehrkraft.<\/li>\n<li>Hausaufgaben sind zuhause in einer ruhigen Lernatmosph\u00e4re zu erledigen. Sch\u00fclerinnen und Sch\u00fcler ben\u00f6tigen hierzu einen festen Arbeitsplatz, an dem ein sorgf\u00e4ltiges Erledigen der Aufgaben gew\u00e4hrleistet ist.<\/li>\n<li>Ergeben sich beim Anfertigen der Hausaufgaben zuhause dennoch Schwierigkeiten, dann \u00fcberlegen sich die Sch\u00fclerinnen und Sch\u00fcler zumindest L\u00f6sungsans\u00e4tze und wenden sich mit diesen in der folgenden Unterrichtsstunde an die Lehrkraft. Ein blo\u00dfes \u201e<em>Ich habe das nicht kapiert<\/em>\u201c kann nicht akzeptiert werden.<\/li>\n<\/ul>\n<p><strong>Wie k\u00f6nnen die Eltern unterst\u00fctzend wirken?<\/strong><\/p>\n<ul>\n<li>Sie sind daf\u00fcr verantwortlich, die entsprechenden Bedingungen zu schaffen, sodass ihre Kinder die Hausaufgaben ordentlich erledigen k\u00f6nnen.<\/li>\n<li>Sie achten selbstverst\u00e4ndlich darauf, dass die Sch\u00fclerinnen und Sch\u00fcler ihre Aufgaben regelm\u00e4\u00dfig gewissenhaft erledigen. Hierzu sollten die Eltern das Hausaufgabenheft der Kinder kontrollieren, so erhalten sie einen \u00dcberblick, was zu erledigen ist.<\/li>\n<li>Sie unterst\u00fctzen die Sch\u00fclerinnen und Sch\u00fcler dabei, ihren schulischen Pflichten nachzukommen. Dazu geh\u00f6rt auch das Erziehen zur Selbstst\u00e4ndigkeit: Grunds\u00e4tzlich sollen die Kinder ihre Aufgaben ohne eine st\u00e4ndige Kontrolle erledigen. Den Lehrerinnen und Lehrern ist klar, dass auch die Eltern berufsbedingt oftmals unter Zeitdruck stehen und sich nicht tagt\u00e4glich mit den Hausaufgaben der Kinder besch\u00e4ftigen k\u00f6nnen. Sollten die Sch\u00fclerinnen und Sch\u00fcler mit dieser selbstst\u00e4ndigen Arbeitsweise jedoch \u00fcberfordert sein, gibt die Schule entsprechend R\u00fcckmeldung, sodass die Eltern wieder vermehrt darauf achten m\u00fcssen, dass die schulischen Aufgaben erledigt werden. Hier sind die Eltern aufgefordert, entsprechende Erziehungsarbeit zu leisten.<\/li>\n<\/ul>\n<p>&nbsp;<\/p>\n<p>&nbsp;<\/p>\n","protected":false},"excerpt":{"rendered":"<p>Hausaufgaben Wir sind eine Halbtagsschule und somit sind Hausaufgaben f\u00fcr die Vor- und Nachbereitung sowie zur \u00dcbung von bereits Erlerntem unverzichtbar. Damit das Lernen<\/p>\n","protected":false},"author":1,"featured_media":0,"parent":0,"menu_order":0,"comment_status":"closed","ping_status":"closed","template":"","meta":{"footnotes":""},"class_list":["post-329","page","type-page","status-publish","hentry"],"_links":{"self":[{"href":"https:\/\/sks-badbibra.blk.de\/index.php?rest_route=\/wp\/v2\/pages\/329","targetHints":{"allow":["GET"]}}],"collection":[{"href":"https:\/\/sks-badbibra.blk.de\/index.php?rest_route=\/wp\/v2\/pages"}],"about":[{"href":"https:\/\/sks-badbibra.blk.de\/index.php?rest_route=\/wp\/v2\/types\/page"}],"author":[{"embeddable":true,"href":"https:\/\/sks-badbibra.blk.de\/index.php?rest_route=\/wp\/v2\/users\/1"}],"replies":[{"embeddable":true,"href":"https:\/\/sks-badbibra.blk.de\/index.php?rest_route=%2Fwp%2Fv2%2Fcomments&post=329"}],"version-history":[{"count":3,"href":"https:\/\/sks-badbibra.blk.de\/index.php?rest_route=\/wp\/v2\/pages\/329\/revisions"}],"predecessor-version":[{"id":425,"href":"https:\/\/sks-badbibra.blk.de\/index.php?rest_route=\/wp\/v2\/pages\/329\/revisions\/425"}],"wp:attachment":[{"href":"https:\/\/sks-badbibra.blk.de\/index.php?rest_route=%2Fwp%2Fv2%2Fmedia&parent=329"}],"curies":[{"name":"wp","href":"https:\/\/api.w.org\/{rel}","templated":true}]}}