{"id":348,"date":"2018-11-06T17:00:54","date_gmt":"2018-11-06T16:00:54","guid":{"rendered":"https:\/\/sks-badbibra.blk.de\/?page_id=348"},"modified":"2023-09-12T13:44:02","modified_gmt":"2023-09-12T11:44:02","slug":"essen","status":"publish","type":"page","link":"https:\/\/sks-badbibra.blk.de\/?page_id=348","title":{"rendered":"Essen"},"content":{"rendered":"<h3 class=\"widget-title title-block-wrap clearfix\"><span class=\"block-title\"><span class=\"block-title\">Essen<\/span><\/span><\/h3>\n<p>Die Sch\u00fclerInnen haben t\u00e4glich die M\u00f6glichkeit w\u00e4hrend der 2. Hofpause eine warme Mahlzeit einzunehmen. Hierzu tragen sie sich sp\u00e4testens am Vortag in die in der Aula ausliegende Liste ein.<\/p>\n<ul style=\"list-style-type: none; margin-left: 0; padding-left: 10px;\">\n<li style=\"padding-bottom: 10px; font-weight: bold;\">Preise f\u00fcr Mittagessen ab 01.08.2023:<\/li>\n<li>&#8211; Mittagessen 1 f\u00fcr Sch\u00fclerinnen und Sch\u00fcler 3,80 Euro<\/li>\n<li>&#8211; Mittagessen 2 f\u00fcr Sch\u00fclerinnen und Sch\u00fcler bzw. Erwachsene 4,30 Euro<\/li>\n<li style=\"padding-bottom: 10px;\">&#8211; Die immer angebotene Salatsch\u00fcssel kostet 3,80 Euro<\/li>\n<li style=\"font-weight: bold;\">(Die Bezahlung erfolgt bar vor Ort.)<\/li>\n<\/ul>\n<p>Die Essensversorgung wird\u00a0durch den Speiseservice <em>B\u00fcschmann<\/em> aus Herrengosserstedt durchgef\u00fchrt.<\/p>\n<p>&nbsp;<\/p>\n<p>&nbsp;<\/p>\n","protected":false},"excerpt":{"rendered":"<p>Essen Die Sch\u00fclerInnen haben t\u00e4glich die M\u00f6glichkeit w\u00e4hrend der 2. Hofpause eine warme Mahlzeit einzunehmen. Hierzu tragen sie sich sp\u00e4testens am Vortag in die<\/p>\n","protected":false},"author":1,"featured_media":0,"parent":0,"menu_order":0,"comment_status":"closed","ping_status":"closed","template":"","meta":{"footnotes":""},"class_list":["post-348","page","type-page","status-publish","hentry"],"_links":{"self":[{"href":"https:\/\/sks-badbibra.blk.de\/index.php?rest_route=\/wp\/v2\/pages\/348","targetHints":{"allow":["GET"]}}],"collection":[{"href":"https:\/\/sks-badbibra.blk.de\/index.php?rest_route=\/wp\/v2\/pages"}],"about":[{"href":"https:\/\/sks-badbibra.blk.de\/index.php?rest_route=\/wp\/v2\/types\/page"}],"author":[{"embeddable":true,"href":"https:\/\/sks-badbibra.blk.de\/index.php?rest_route=\/wp\/v2\/users\/1"}],"replies":[{"embeddable":true,"href":"https:\/\/sks-badbibra.blk.de\/index.php?rest_route=%2Fwp%2Fv2%2Fcomments&post=348"}],"version-history":[{"count":18,"href":"https:\/\/sks-badbibra.blk.de\/index.php?rest_route=\/wp\/v2\/pages\/348\/revisions"}],"predecessor-version":[{"id":1414,"href":"https:\/\/sks-badbibra.blk.de\/index.php?rest_route=\/wp\/v2\/pages\/348\/revisions\/1414"}],"wp:attachment":[{"href":"https:\/\/sks-badbibra.blk.de\/index.php?rest_route=%2Fwp%2Fv2%2Fmedia&parent=348"}],"curies":[{"name":"wp","href":"https:\/\/api.w.org\/{rel}","templated":true}]}}