{"id":601,"date":"2019-01-14T11:15:26","date_gmt":"2019-01-14T10:15:26","guid":{"rendered":"https:\/\/sks-badbibra.blk.de\/?page_id=601"},"modified":"2020-04-22T16:12:43","modified_gmt":"2020-04-22T14:12:43","slug":"beratungslehrkraft","status":"publish","type":"page","link":"https:\/\/sks-badbibra.blk.de\/?page_id=601","title":{"rendered":"Beratungslehrkraft"},"content":{"rendered":"<h3 class=\"widget-title title-block-wrap clearfix\"><span class=\"block-title\"><span class=\"block-title\">Beratungslehrkraft<\/span><\/span><\/h3>\n<p>Neben der Schulsozialarbeit bietet die Sekundarschule Bad Bibra mit Frau <strong>Isabell Dre\u00dfler<\/strong> jeden Dienstag\u00a0(8.00 Uhr -15.30 Uhr) \u00a0eine Beratung f\u00fcr Sch\u00fclerinnen und Sch\u00fcler und vor allem auch f\u00fcr deren Erziehungsberechtigte an.<\/p>\n<p>Das Ziel einer solchen Beratung ist die <span style=\"color: #000000;\"><em><strong>Verbesserung der individuellen F\u00f6rderung\u00a0zur gezielten Vermeidung von Schulversagen<\/strong><\/em><\/span>. <img loading=\"lazy\" decoding=\"async\" class=\"alignright wp-image-637 size-medium\" src=\"http:\/\/sks-badbibra.blk.de\/wp-content\/uploads\/2019\/05\/ankerimkopf-300x225.png\" alt=\"\" width=\"300\" height=\"225\" srcset=\"https:\/\/sks-badbibra.blk.de\/wp-content\/uploads\/2019\/05\/ankerimkopf-300x225.png 300w, https:\/\/sks-badbibra.blk.de\/wp-content\/uploads\/2019\/05\/ankerimkopf-768x576.png 768w, https:\/\/sks-badbibra.blk.de\/wp-content\/uploads\/2019\/05\/ankerimkopf-1024x768.png 1024w, https:\/\/sks-badbibra.blk.de\/wp-content\/uploads\/2019\/05\/ankerimkopf-500x375.png 500w\" sizes=\"auto, (max-width: 300px) 100vw, 300px\" \/><\/p>\n<ul>\n<li>Beratung zur Lern- und Leistungsentwicklung<\/li>\n<li>Individuelle Schullaufbahnberatung<\/li>\n<li>Problem- und l\u00f6sungsorientierte Beratung bei Lern-, Leistungs- und Verhaltensschwierigkeiten<\/li>\n<li>Kooperation und Zusammenarbeit mit au\u00dferschulischen Einrichtungen und Unterst\u00fctzungssystemen<\/li>\n<\/ul>\n<p>Wenn Sie dieses Angebot einer solchen Beratung wahrnehmen m\u00f6chten, wenden Sie sich bitte an die Schule oder direkt an Frau Dre\u00dfler: <span style=\"color: #ff6600;\"><strong>Isabell.Dressler@sachsen-anhalt.de<\/strong><\/span>.<\/p>\n<p>&nbsp;<\/p>\n<p>&nbsp;<\/p>\n","protected":false},"excerpt":{"rendered":"<p>Beratungslehrkraft Neben der Schulsozialarbeit bietet die Sekundarschule Bad Bibra mit Frau Isabell Dre\u00dfler jeden Dienstag\u00a0(8.00 Uhr -15.30 Uhr) \u00a0eine Beratung f\u00fcr Sch\u00fclerinnen und Sch\u00fcler<\/p>\n","protected":false},"author":1,"featured_media":0,"parent":0,"menu_order":0,"comment_status":"closed","ping_status":"closed","template":"","meta":{"footnotes":""},"class_list":["post-601","page","type-page","status-publish","hentry"],"_links":{"self":[{"href":"https:\/\/sks-badbibra.blk.de\/index.php?rest_route=\/wp\/v2\/pages\/601","targetHints":{"allow":["GET"]}}],"collection":[{"href":"https:\/\/sks-badbibra.blk.de\/index.php?rest_route=\/wp\/v2\/pages"}],"about":[{"href":"https:\/\/sks-badbibra.blk.de\/index.php?rest_route=\/wp\/v2\/types\/page"}],"author":[{"embeddable":true,"href":"https:\/\/sks-badbibra.blk.de\/index.php?rest_route=\/wp\/v2\/users\/1"}],"replies":[{"embeddable":true,"href":"https:\/\/sks-badbibra.blk.de\/index.php?rest_route=%2Fwp%2Fv2%2Fcomments&post=601"}],"version-history":[{"count":8,"href":"https:\/\/sks-badbibra.blk.de\/index.php?rest_route=\/wp\/v2\/pages\/601\/revisions"}],"predecessor-version":[{"id":1120,"href":"https:\/\/sks-badbibra.blk.de\/index.php?rest_route=\/wp\/v2\/pages\/601\/revisions\/1120"}],"wp:attachment":[{"href":"https:\/\/sks-badbibra.blk.de\/index.php?rest_route=%2Fwp%2Fv2%2Fmedia&parent=601"}],"curies":[{"name":"wp","href":"https:\/\/api.w.org\/{rel}","templated":true}]}}