{"id":97,"date":"2018-06-11T07:41:30","date_gmt":"2018-06-11T05:41:30","guid":{"rendered":"https:\/\/nmb-sek-schweizer.blk.de\/?page_id=97"},"modified":"2023-01-27T12:34:04","modified_gmt":"2023-01-27T11:34:04","slug":"impressum","status":"publish","type":"page","link":"https:\/\/sks-badbibra.blk.de\/?page_id=97","title":{"rendered":"Impressum"},"content":{"rendered":"<aside class=\"widget widget_text\">\n<h3 class=\"widget-title title-block-wrap clearfix\"><span class=\"block-title\"><span class=\"block-title\">Impressum<\/span><\/span><\/h3>\n<div class=\"textwidget\">\n<p><strong>1.) Verantwortlich im Sinne des Presserechts und des \u00a7 6 Mediendienste-Staatsvertrages:<\/strong><\/p>\n<p>Sekundarschule Bad Bibra<br \/>\nSteinbacher Stra\u00dfe 2b<br \/>\n06647 Bad Bibra<br \/>\nTel: 034465 700031<br \/>\ne-Mail: kontakt@sks-badbibra.bildung-lsa.de<\/p>\n<p><strong>2.) Konzeption\/Realisierung\/Design:<\/strong><\/p>\n<p>Sekundarschule Bad Bibra<br \/>\nSteinbacher Stra\u00dfe 2b<br \/>\n06647 Bad Bibra<\/p>\n<p>Based on: <a title=\"ThemeGrill\" href=\"https:\/\/themegrill.com\/themes\/colornews\" target=\"_blank\" rel=\"designer noopener noreferrer\">ColorNews von ThemeGrill<\/a><\/p>\n<p><strong>3.) Technischer Support:<\/strong><br \/>\nBurgenlandkreis<br \/>\nIT-Service<br \/>\nSch\u00f6nburger Stra\u00dfe 41<br \/>\n06618 Naumburg<br \/>\ne-Mail: support@its.blk.de<\/p>\n<p><strong>4.) Rechtlicher Hinweis<\/strong><\/p>\n<p>Das Layout der Homepage, die verwendeten Grafiken und Bilder sowie die Sammlung von Beitr\u00e4gen sind urheberrechtlich gesch\u00fctzt. Alle Informationen dienen ausschlie\u00dflich zur pers\u00f6nlichen Information. Eine kommerzielle Nutzung der Internetseiten ist nicht erlaubt. Alle Informationen auf den Seiten der Sekundarschule Bad Bibra erfolgen ohne Gew\u00e4hr f\u00fcr ihre Richtigkeit. In keinem Fall wird f\u00fcr Sch\u00e4den, die sich aus der Verwendung der abgerufenen Informationen ergeben, eine Haftung \u00fcbernommen.<\/p>\n<p><strong>5.) Hinweis zu externen Links<\/strong><\/p>\n<p>Die Sekundarschule Bad Bibra ist als Inhalteanbieter nach \u00a7 5 Teledienstgesetz bzw. \u00a7 5 Mediendienste-Staatsvertrag f\u00fcr die \u201eeigenen Inhalte\u201c, die er zur Nutzung bereith\u00e4lt, verantwortlich. Von diesen eigenen Inhalten sind Querverweise (\u201eLinks\u201c) auf die von anderen Anbietern bereitgehaltenen Inhalte zu unterscheiden. Durch Querverweise h\u00e4lt die Sekundarschule Bad Bibra \u201efremde Inhalte\u201c zur Nutzung bereit. Die Sekundarschule Bad Bibra hat bei der erstmaligen Verkn\u00fcpfung die fremden Inhalte gesichtet. Bei Links handelt es sich allerdings um \u201elebende\u201c (dynamische) Verweise. Die fremden Inhalte k\u00f6nnen deshalb ge\u00e4ndert worden sein, ohne dass die Sekundarschule Bad Bibra hiervon Kenntnis hat. Es wird hiermit ausdr\u00fccklich erkl\u00e4rt, dass die Sekundarschule Bad Bibra keinen Einfluss auf die Gestaltung und die Inhalte dieser gelinkten fremden Seiten hat und somit daf\u00fcr auch nicht verantwortlich ist. Die Sekundarschule Bad Bibra distanziert sich deshalb ausdr\u00fccklich von allen Inhalten s\u00e4mtlicher Links und macht sich deren Inhalte nicht zu eigen. Diese Erkl\u00e4rung gilt f\u00fcr alle auf der Homepage der Sekundarschule Bad Bibra gelegten fremden Links.<\/p>\n<p><strong>6.) Geschlechterbezeichnung<\/strong><\/p>\n<p>Um die Lesbarkeit der Informationen zu erleichtern, wird bei Personenbezeichnungen i.d.R. die m\u00e4nnliche Form verwandt. Es sind jedoch jeweils m\u00e4nnliche und weibliche Personen gemeint.<\/p>\n<\/div>\n<\/aside>\n","protected":false},"excerpt":{"rendered":"<p>Impressum 1.) Verantwortlich im Sinne des Presserechts und des \u00a7 6 Mediendienste-Staatsvertrages: Sekundarschule Bad Bibra Steinbacher Stra\u00dfe 2b 06647 Bad Bibra Tel: 034465 700031<\/p>\n","protected":false},"author":1,"featured_media":0,"parent":0,"menu_order":0,"comment_status":"closed","ping_status":"closed","template":"","meta":{"footnotes":""},"class_list":["post-97","page","type-page","status-publish","hentry"],"_links":{"self":[{"href":"https:\/\/sks-badbibra.blk.de\/index.php?rest_route=\/wp\/v2\/pages\/97","targetHints":{"allow":["GET"]}}],"collection":[{"href":"https:\/\/sks-badbibra.blk.de\/index.php?rest_route=\/wp\/v2\/pages"}],"about":[{"href":"https:\/\/sks-badbibra.blk.de\/index.php?rest_route=\/wp\/v2\/types\/page"}],"author":[{"embeddable":true,"href":"https:\/\/sks-badbibra.blk.de\/index.php?rest_route=\/wp\/v2\/users\/1"}],"replies":[{"embeddable":true,"href":"https:\/\/sks-badbibra.blk.de\/index.php?rest_route=%2Fwp%2Fv2%2Fcomments&post=97"}],"version-history":[{"count":25,"href":"https:\/\/sks-badbibra.blk.de\/index.php?rest_route=\/wp\/v2\/pages\/97\/revisions"}],"predecessor-version":[{"id":1388,"href":"https:\/\/sks-badbibra.blk.de\/index.php?rest_route=\/wp\/v2\/pages\/97\/revisions\/1388"}],"wp:attachment":[{"href":"https:\/\/sks-badbibra.blk.de\/index.php?rest_route=%2Fwp%2Fv2%2Fmedia&parent=97"}],"curies":[{"name":"wp","href":"https:\/\/api.w.org\/{rel}","templated":true}]}}